{"id":2154,"date":"2022-09-26T15:30:28","date_gmt":"2022-09-26T15:30:28","guid":{"rendered":"https:\/\/pavicer.pt\/politica-de-privacidad\/"},"modified":"2022-09-26T15:30:28","modified_gmt":"2022-09-26T15:30:28","slug":"politica-de-privacidad","status":"publish","type":"page","link":"https:\/\/pavicer.pt\/es\/politica-de-privacidad\/","title":{"rendered":"Pol\u00edtica de privacidad"},"content":{"rendered":"\t\t<div data-elementor-type=\"wp-page\" data-elementor-id=\"2154\" class=\"elementor elementor-2154 elementor-1589\">\n\t\t\t\t\t\t<section class=\"elementor-section elementor-top-section elementor-element elementor-element-13c9cbe elementor-section-height-min-height elementor-section-items-stretch elementor-section-boxed elementor-section-height-default\" data-id=\"13c9cbe\" data-element_type=\"section\" data-e-type=\"section\" data-settings=\"{&quot;jet_parallax_layout_list&quot;:[],&quot;background_background&quot;:&quot;classic&quot;}\">\n\t\t\t\t\t\t\t<div class=\"elementor-background-overlay\"><\/div>\n\t\t\t\t\t\t\t<div class=\"elementor-container elementor-column-gap-default\">\n\t\t\t\t\t<div class=\"elementor-column elementor-col-100 elementor-top-column elementor-element elementor-element-8d6754e\" data-id=\"8d6754e\" data-element_type=\"column\" data-e-type=\"column\">\n\t\t\t<div class=\"elementor-widget-wrap elementor-element-populated\">\n\t\t\t\t\t\t<div class=\"elementor-element elementor-element-165ceb1 elementor-mobile-align-center elementor-align-left elementor-widget elementor-widget-raven-heading\" data-id=\"165ceb1\" data-element_type=\"widget\" data-e-type=\"widget\" data-widget_type=\"raven-heading.default\">\n\t\t\t\t<div class=\"elementor-widget-container\">\n\t\t\t\t\t\t\t<div class=\"raven-widget-wrapper\"><h1 class=\"raven-heading raven-heading-h1\"><span class=\"raven-heading-title \">Pol\u00edtica de privacidad<\/span><\/h1><\/div>\n\t\t\t\t\t\t<\/div>\n\t\t\t\t<\/div>\n\t\t\t\t\t<\/div>\n\t\t<\/div>\n\t\t\t\t\t<\/div>\n\t\t<\/section>\n\t\t\t\t<section class=\"elementor-section elementor-top-section elementor-element elementor-element-25487dd elementor-section-boxed elementor-section-height-default elementor-section-height-default\" data-id=\"25487dd\" data-element_type=\"section\" data-e-type=\"section\" data-settings=\"{&quot;jet_parallax_layout_list&quot;:[{&quot;jet_parallax_layout_image&quot;:{&quot;url&quot;:&quot;&quot;,&quot;id&quot;:&quot;&quot;,&quot;size&quot;:&quot;&quot;},&quot;_id&quot;:&quot;8e87f99&quot;,&quot;jet_parallax_layout_speed&quot;:{&quot;unit&quot;:&quot;%&quot;,&quot;size&quot;:&quot;50&quot;,&quot;sizes&quot;:[]},&quot;jet_parallax_layout_bg_x&quot;:&quot;50&quot;,&quot;jet_parallax_layout_bg_y&quot;:&quot;50&quot;,&quot;jet_parallax_layout_image_tablet&quot;:{&quot;url&quot;:&quot;&quot;,&quot;id&quot;:&quot;&quot;,&quot;size&quot;:&quot;&quot;},&quot;jet_parallax_layout_image_mobile&quot;:{&quot;url&quot;:&quot;&quot;,&quot;id&quot;:&quot;&quot;,&quot;size&quot;:&quot;&quot;},&quot;jet_parallax_layout_type&quot;:&quot;scroll&quot;,&quot;jet_parallax_layout_direction&quot;:&quot;1&quot;,&quot;jet_parallax_layout_fx_direction&quot;:null,&quot;jet_parallax_layout_z_index&quot;:&quot;&quot;,&quot;jet_parallax_layout_bg_x_tablet&quot;:&quot;&quot;,&quot;jet_parallax_layout_bg_x_mobile&quot;:&quot;&quot;,&quot;jet_parallax_layout_bg_y_tablet&quot;:&quot;&quot;,&quot;jet_parallax_layout_bg_y_mobile&quot;:&quot;&quot;,&quot;jet_parallax_layout_bg_size&quot;:&quot;auto&quot;,&quot;jet_parallax_layout_bg_size_tablet&quot;:&quot;&quot;,&quot;jet_parallax_layout_bg_size_mobile&quot;:&quot;&quot;,&quot;jet_parallax_layout_animation_prop&quot;:&quot;transform&quot;,&quot;jet_parallax_layout_on&quot;:[&quot;desktop&quot;,&quot;tablet&quot;]}]}\">\n\t\t\t\t\t\t<div class=\"elementor-container elementor-column-gap-default\">\n\t\t\t\t\t<div class=\"elementor-column elementor-col-100 elementor-top-column elementor-element elementor-element-f3689ab\" data-id=\"f3689ab\" data-element_type=\"column\" data-e-type=\"column\">\n\t\t\t<div class=\"elementor-widget-wrap elementor-element-populated\">\n\t\t\t\t\t\t<div class=\"elementor-element elementor-element-1ff53c3 elementor-widget elementor-widget-text-editor\" data-id=\"1ff53c3\" data-element_type=\"widget\" data-e-type=\"widget\" data-widget_type=\"text-editor.default\">\n\t\t\t\t<div class=\"elementor-widget-container\">\n\t\t\t\t\t\t\t\t\t<p>Al utilizar el sitio web, usted asume impl\u00edcitamente que ha le\u00eddo, entendido y aceptado la Pol\u00edtica de Privacidad.<\/p><p>Usted es responsable de mantener su informaci\u00f3n personal completa, verdadera y actualizada en todo momento. PAVICER no se hace responsable, ni puede serlo, de la informaci\u00f3n transmitida por los usuarios.<\/p><p>El usuario se compromete a utilizar el sitio web \u00fanicamente para los fines a los que est\u00e1 destinado y a trav\u00e9s de la interfaz y las herramientas proporcionadas, no intentando utilizarlo de forma indebida, por medios o con fines il\u00edcitos.<\/p><p>PAVICER se reserva el derecho a impedir el uso de los servicios o funcionalidades, as\u00ed como a bloquear o eliminar la informaci\u00f3n personal, previo aviso, en situaciones de incumplimiento de los t\u00e9rminos legales o de mala conducta del usuario, as\u00ed como a denunciar posibles ilegalidades o actos il\u00edcitos a las autoridades, si procede.<\/p><p>PAVICER garantiza la total confidencialidad de los datos personales de los usuarios de su sitio web.<\/p><p>Toda la informaci\u00f3n personal relativa a los usuarios ser\u00e1 tratada de acuerdo con la Ley de Protecci\u00f3n de Datos Personales del 26 de octubre de 1998 (Ley n\u00ba 67\/98).<\/p><p>Al utilizar el sitio web de PAVICER, usted acepta la pol\u00edtica de privacidad en vigor.<\/p><p>PAVICER se reserva el derecho de modificar las condiciones de su Pol\u00edtica de Privacidad en cualquier momento y sin previo aviso. Por lo tanto, le recomendamos encarecidamente que revise regularmente los t\u00e9rminos de nuestra Pol\u00edtica de Privacidad.<\/p>\t\t\t\t\t\t\t\t<\/div>\n\t\t\t\t<\/div>\n\t\t\t\t\t<\/div>\n\t\t<\/div>\n\t\t\t\t\t<\/div>\n\t\t<\/section>\n\t\t\t\t<\/div>\n\t\t","protected":false},"excerpt":{"rendered":"<p>Pol\u00edtica de privacidad Al utilizar el sitio web, usted asume impl\u00edcitamente que ha le\u00eddo, entendido y aceptado la Pol\u00edtica de Privacidad. Usted es responsable de mantener su informaci\u00f3n personal completa, verdadera y actualizada en todo momento. PAVICER no se hace responsable, ni puede serlo, de la informaci\u00f3n transmitida por los usuarios. El usuario se compromete [&hellip;]<\/p>\n","protected":false},"author":1,"featured_media":0,"parent":0,"menu_order":0,"comment_status":"closed","ping_status":"closed","template":"elementor_header_footer","meta":{"_acf_changed":false,"footnotes":""},"class_list":["post-2154","page","type-page","status-publish","hentry"],"acf":[],"yoast_head":"<!-- This site is optimized with the Yoast SEO plugin v27.2 - https:\/\/yoast.com\/product\/yoast-seo-wordpress\/ -->\n<title>Pavicer | Blocozezere - Pol\u00edtica de privacidad<\/title>\n<meta name=\"robots\" content=\"index, follow, max-snippet:-1, max-image-preview:large, max-video-preview:-1\" \/>\n<link rel=\"canonical\" href=\"https:\/\/pavicer.pt\/es\/politica-de-privacidad\/\" \/>\n<meta property=\"og:locale\" content=\"es_ES\" \/>\n<meta property=\"og:type\" content=\"article\" \/>\n<meta property=\"og:title\" content=\"Pavicer | Blocozezere - Pol\u00edtica de privacidad\" \/>\n<meta property=\"og:description\" content=\"Pol\u00edtica de privacidad Al utilizar el sitio web, usted asume impl\u00edcitamente que ha le\u00eddo, entendido y aceptado la Pol\u00edtica de Privacidad. Usted es responsable de mantener su informaci\u00f3n personal completa, verdadera y actualizada en todo momento. PAVICER no se hace responsable, ni puede serlo, de la informaci\u00f3n transmitida por los usuarios. El usuario se compromete [&hellip;]\" \/>\n<meta property=\"og:url\" content=\"https:\/\/pavicer.pt\/es\/politica-de-privacidad\/\" \/>\n<meta property=\"og:site_name\" content=\"Pavicer | Blocozezere\" \/>\n<meta property=\"article:publisher\" content=\"https:\/\/www.facebook.com\/pavicerblocozezerept\" \/>\n<meta property=\"og:image\" content=\"https:\/\/pavicer.pt\/wp-content\/uploads\/2022\/02\/home-banner_pavicer.jpg\" \/>\n\t<meta property=\"og:image:width\" content=\"1920\" \/>\n\t<meta property=\"og:image:height\" content=\"1080\" \/>\n\t<meta property=\"og:image:type\" content=\"image\/jpeg\" \/>\n<meta name=\"twitter:card\" content=\"summary_large_image\" \/>\n<meta name=\"twitter:label1\" content=\"Tiempo de lectura\" \/>\n\t<meta name=\"twitter:data1\" content=\"1 minuto\" \/>\n<script type=\"application\/ld+json\" class=\"yoast-schema-graph\">{\"@context\":\"https:\/\/schema.org\",\"@graph\":[{\"@type\":\"WebPage\",\"@id\":\"https:\/\/pavicer.pt\/es\/politica-de-privacidad\/\",\"url\":\"https:\/\/pavicer.pt\/es\/politica-de-privacidad\/\",\"name\":\"Pavicer | Blocozezere - Pol\u00edtica de privacidad\",\"isPartOf\":{\"@id\":\"https:\/\/pavicer.pt\/es\/#website\"},\"datePublished\":\"2022-09-26T15:30:28+00:00\",\"breadcrumb\":{\"@id\":\"https:\/\/pavicer.pt\/es\/politica-de-privacidad\/#breadcrumb\"},\"inLanguage\":\"es\",\"potentialAction\":[{\"@type\":\"ReadAction\",\"target\":[\"https:\/\/pavicer.pt\/es\/politica-de-privacidad\/\"]}]},{\"@type\":\"BreadcrumbList\",\"@id\":\"https:\/\/pavicer.pt\/es\/politica-de-privacidad\/#breadcrumb\",\"itemListElement\":[{\"@type\":\"ListItem\",\"position\":1,\"name\":\"In\u00edcio\",\"item\":\"https:\/\/pavicer.pt\/es\/\"},{\"@type\":\"ListItem\",\"position\":2,\"name\":\"Pol\u00edtica de privacidad\"}]},{\"@type\":\"WebSite\",\"@id\":\"https:\/\/pavicer.pt\/es\/#website\",\"url\":\"https:\/\/pavicer.pt\/es\/\",\"name\":\"Pavicer | Blocozezere\",\"description\":\"Produtos em bet&atilde;o\",\"publisher\":{\"@id\":\"https:\/\/pavicer.pt\/es\/#organization\"},\"potentialAction\":[{\"@type\":\"SearchAction\",\"target\":{\"@type\":\"EntryPoint\",\"urlTemplate\":\"https:\/\/pavicer.pt\/es\/?s={search_term_string}\"},\"query-input\":{\"@type\":\"PropertyValueSpecification\",\"valueRequired\":true,\"valueName\":\"search_term_string\"}}],\"inLanguage\":\"es\"},{\"@type\":\"Organization\",\"@id\":\"https:\/\/pavicer.pt\/es\/#organization\",\"name\":\"Pavicer | Blocozezere\",\"url\":\"https:\/\/pavicer.pt\/es\/\",\"logo\":{\"@type\":\"ImageObject\",\"inLanguage\":\"es\",\"@id\":\"https:\/\/pavicer.pt\/es\/#\/schema\/logo\/image\/\",\"url\":\"https:\/\/pavicer.pt\/wp-content\/uploads\/2022\/02\/logo-pavicer_cor.png\",\"contentUrl\":\"https:\/\/pavicer.pt\/wp-content\/uploads\/2022\/02\/logo-pavicer_cor.png\",\"width\":240,\"height\":50,\"caption\":\"Pavicer | Blocozezere\"},\"image\":{\"@id\":\"https:\/\/pavicer.pt\/es\/#\/schema\/logo\/image\/\"},\"sameAs\":[\"https:\/\/www.facebook.com\/pavicerblocozezerept\"]}]}<\/script>\n<!-- \/ Yoast SEO plugin. -->","yoast_head_json":{"title":"Pavicer | Blocozezere - Pol\u00edtica de privacidad","robots":{"index":"index","follow":"follow","max-snippet":"max-snippet:-1","max-image-preview":"max-image-preview:large","max-video-preview":"max-video-preview:-1"},"canonical":"https:\/\/pavicer.pt\/es\/politica-de-privacidad\/","og_locale":"es_ES","og_type":"article","og_title":"Pavicer | Blocozezere - Pol\u00edtica de privacidad","og_description":"Pol\u00edtica de privacidad Al utilizar el sitio web, usted asume impl\u00edcitamente que ha le\u00eddo, entendido y aceptado la Pol\u00edtica de Privacidad. Usted es responsable de mantener su informaci\u00f3n personal completa, verdadera y actualizada en todo momento. PAVICER no se hace responsable, ni puede serlo, de la informaci\u00f3n transmitida por los usuarios. El usuario se compromete [&hellip;]","og_url":"https:\/\/pavicer.pt\/es\/politica-de-privacidad\/","og_site_name":"Pavicer | Blocozezere","article_publisher":"https:\/\/www.facebook.com\/pavicerblocozezerept","og_image":[{"width":1920,"height":1080,"url":"https:\/\/pavicer.pt\/wp-content\/uploads\/2022\/02\/home-banner_pavicer.jpg","type":"image\/jpeg"}],"twitter_card":"summary_large_image","twitter_misc":{"Tiempo de lectura":"1 minuto"},"schema":{"@context":"https:\/\/schema.org","@graph":[{"@type":"WebPage","@id":"https:\/\/pavicer.pt\/es\/politica-de-privacidad\/","url":"https:\/\/pavicer.pt\/es\/politica-de-privacidad\/","name":"Pavicer | Blocozezere - Pol\u00edtica de privacidad","isPartOf":{"@id":"https:\/\/pavicer.pt\/es\/#website"},"datePublished":"2022-09-26T15:30:28+00:00","breadcrumb":{"@id":"https:\/\/pavicer.pt\/es\/politica-de-privacidad\/#breadcrumb"},"inLanguage":"es","potentialAction":[{"@type":"ReadAction","target":["https:\/\/pavicer.pt\/es\/politica-de-privacidad\/"]}]},{"@type":"BreadcrumbList","@id":"https:\/\/pavicer.pt\/es\/politica-de-privacidad\/#breadcrumb","itemListElement":[{"@type":"ListItem","position":1,"name":"In\u00edcio","item":"https:\/\/pavicer.pt\/es\/"},{"@type":"ListItem","position":2,"name":"Pol\u00edtica de privacidad"}]},{"@type":"WebSite","@id":"https:\/\/pavicer.pt\/es\/#website","url":"https:\/\/pavicer.pt\/es\/","name":"Pavicer | Blocozezere","description":"Produtos em bet&atilde;o","publisher":{"@id":"https:\/\/pavicer.pt\/es\/#organization"},"potentialAction":[{"@type":"SearchAction","target":{"@type":"EntryPoint","urlTemplate":"https:\/\/pavicer.pt\/es\/?s={search_term_string}"},"query-input":{"@type":"PropertyValueSpecification","valueRequired":true,"valueName":"search_term_string"}}],"inLanguage":"es"},{"@type":"Organization","@id":"https:\/\/pavicer.pt\/es\/#organization","name":"Pavicer | Blocozezere","url":"https:\/\/pavicer.pt\/es\/","logo":{"@type":"ImageObject","inLanguage":"es","@id":"https:\/\/pavicer.pt\/es\/#\/schema\/logo\/image\/","url":"https:\/\/pavicer.pt\/wp-content\/uploads\/2022\/02\/logo-pavicer_cor.png","contentUrl":"https:\/\/pavicer.pt\/wp-content\/uploads\/2022\/02\/logo-pavicer_cor.png","width":240,"height":50,"caption":"Pavicer | Blocozezere"},"image":{"@id":"https:\/\/pavicer.pt\/es\/#\/schema\/logo\/image\/"},"sameAs":["https:\/\/www.facebook.com\/pavicerblocozezerept"]}]}},"_links":{"self":[{"href":"https:\/\/pavicer.pt\/es\/wp-json\/wp\/v2\/pages\/2154","targetHints":{"allow":["GET"]}}],"collection":[{"href":"https:\/\/pavicer.pt\/es\/wp-json\/wp\/v2\/pages"}],"about":[{"href":"https:\/\/pavicer.pt\/es\/wp-json\/wp\/v2\/types\/page"}],"author":[{"embeddable":true,"href":"https:\/\/pavicer.pt\/es\/wp-json\/wp\/v2\/users\/1"}],"replies":[{"embeddable":true,"href":"https:\/\/pavicer.pt\/es\/wp-json\/wp\/v2\/comments?post=2154"}],"version-history":[{"count":0,"href":"https:\/\/pavicer.pt\/es\/wp-json\/wp\/v2\/pages\/2154\/revisions"}],"wp:attachment":[{"href":"https:\/\/pavicer.pt\/es\/wp-json\/wp\/v2\/media?parent=2154"}],"curies":[{"name":"wp","href":"https:\/\/api.w.org\/{rel}","templated":true}]}}