{"id":2333,"date":"2022-07-11T14:28:20","date_gmt":"2022-09-27T08:23:24","guid":{"rendered":"https:\/\/pavicer.pt\/produto\/conductos\/"},"modified":"2022-09-27T08:23:24","modified_gmt":"2022-09-27T08:23:24","slug":"conductos","status":"publish","type":"product","link":"https:\/\/pavicer.pt\/es\/produto\/conductos\/","title":{"rendered":"Conductos"},"content":{"rendered":"","protected":false},"excerpt":{"rendered":"<p>Los conductos se distinguen de la soluci\u00f3n por la resistencia al fuego y la ligereza del hormig\u00f3n, sin que por ello se pierda la resistencia necesaria para ello. Est\u00e1n destinados a los conductos de ventilaci\u00f3n y a los gases.<br \/>\nSus caracter\u00edsticas t\u00e9rmicas proporcionan mejores propiedades de evacuaci\u00f3n de gases, ya que retienen el calor durante m\u00e1s tiempo, lo que favorece su ascenso.<\/p>\n[table id=\"21\" \/]\n","protected":false},"featured_media":1694,"template":"","meta":{"_acf_changed":false},"product_brand":[],"product_cat":[167,166],"product_tag":[],"class_list":{"0":"post-2333","1":"product","2":"type-product","3":"status-publish","4":"has-post-thumbnail","6":"product_cat-tuberias-fugas","7":"product_cat-ventilacion-escape-de-humos","9":"first","10":"instock","11":"shipping-taxable","12":"product-type-simple"},"acf":[],"yoast_head":"<!-- This site is optimized with the Yoast SEO plugin v27.2 - https:\/\/yoast.com\/product\/yoast-seo-wordpress\/ -->\n<title>Conductos - Pavicer | Blocozezere<\/title>\n<meta name=\"robots\" content=\"index, follow, max-snippet:-1, max-image-preview:large, max-video-preview:-1\" \/>\n<link rel=\"canonical\" href=\"https:\/\/pavicer.pt\/es\/produto\/conductos\/\" \/>\n<meta property=\"og:locale\" content=\"es_ES\" \/>\n<meta property=\"og:type\" content=\"article\" \/>\n<meta property=\"og:title\" content=\"Conductos - Pavicer | Blocozezere\" \/>\n<meta property=\"og:description\" content=\"Los conductos se distinguen de la soluci\u00f3n por la resistencia al fuego y la ligereza del hormig\u00f3n, sin que por ello se pierda la resistencia necesaria para ello. Est\u00e1n destinados a los conductos de ventilaci\u00f3n y a los gases. Sus caracter\u00edsticas t\u00e9rmicas proporcionan mejores propiedades de evacuaci\u00f3n de gases, ya que retienen el calor durante m\u00e1s tiempo, lo que favorece su ascenso.\" \/>\n<meta property=\"og:url\" content=\"https:\/\/pavicer.pt\/es\/produto\/conductos\/\" \/>\n<meta property=\"og:site_name\" content=\"Pavicer | Blocozezere\" \/>\n<meta property=\"article:publisher\" content=\"https:\/\/www.facebook.com\/pavicerblocozezerept\" \/>\n<meta property=\"og:image\" content=\"https:\/\/pavicer.pt\/wp-content\/uploads\/2022\/02\/home-banner_pavicer.jpg\" \/>\n\t<meta property=\"og:image:width\" content=\"1920\" \/>\n\t<meta property=\"og:image:height\" content=\"1080\" \/>\n\t<meta property=\"og:image:type\" content=\"image\/jpeg\" \/>\n<meta name=\"twitter:card\" content=\"summary_large_image\" \/>\n<script type=\"application\/ld+json\" class=\"yoast-schema-graph\">{\"@context\":\"https:\/\/schema.org\",\"@graph\":[{\"@type\":\"WebPage\",\"@id\":\"https:\/\/pavicer.pt\/es\/produto\/conductos\/\",\"url\":\"https:\/\/pavicer.pt\/es\/produto\/conductos\/\",\"name\":\"Conductos - Pavicer | Blocozezere\",\"isPartOf\":{\"@id\":\"https:\/\/pavicer.pt\/es\/#website\"},\"primaryImageOfPage\":{\"@id\":\"https:\/\/pavicer.pt\/es\/produto\/conductos\/#primaryimage\"},\"image\":{\"@id\":\"https:\/\/pavicer.pt\/es\/produto\/conductos\/#primaryimage\"},\"thumbnailUrl\":\"https:\/\/pavicer.pt\/wp-content\/uploads\/2022\/07\/Conduta-01.png\",\"datePublished\":\"2022-09-27T08:23:24+00:00\",\"breadcrumb\":{\"@id\":\"https:\/\/pavicer.pt\/es\/produto\/conductos\/#breadcrumb\"},\"inLanguage\":\"es\",\"potentialAction\":[{\"@type\":\"ReadAction\",\"target\":[\"https:\/\/pavicer.pt\/es\/produto\/conductos\/\"]}]},{\"@type\":\"ImageObject\",\"inLanguage\":\"es\",\"@id\":\"https:\/\/pavicer.pt\/es\/produto\/conductos\/#primaryimage\",\"url\":\"https:\/\/pavicer.pt\/wp-content\/uploads\/2022\/07\/Conduta-01.png\",\"contentUrl\":\"https:\/\/pavicer.pt\/wp-content\/uploads\/2022\/07\/Conduta-01.png\",\"width\":800,\"height\":600},{\"@type\":\"BreadcrumbList\",\"@id\":\"https:\/\/pavicer.pt\/es\/produto\/conductos\/#breadcrumb\",\"itemListElement\":[{\"@type\":\"ListItem\",\"position\":1,\"name\":\"In\u00edcio\",\"item\":\"https:\/\/pavicer.pt\/es\/\"},{\"@type\":\"ListItem\",\"position\":2,\"name\":\"Productos\",\"item\":\"https:\/\/pavicer.pt\/es\/tienda\/\"},{\"@type\":\"ListItem\",\"position\":3,\"name\":\"Conductos\"}]},{\"@type\":\"WebSite\",\"@id\":\"https:\/\/pavicer.pt\/es\/#website\",\"url\":\"https:\/\/pavicer.pt\/es\/\",\"name\":\"Pavicer | Blocozezere\",\"description\":\"Produtos em bet&atilde;o\",\"publisher\":{\"@id\":\"https:\/\/pavicer.pt\/es\/#organization\"},\"potentialAction\":[{\"@type\":\"SearchAction\",\"target\":{\"@type\":\"EntryPoint\",\"urlTemplate\":\"https:\/\/pavicer.pt\/es\/?s={search_term_string}\"},\"query-input\":{\"@type\":\"PropertyValueSpecification\",\"valueRequired\":true,\"valueName\":\"search_term_string\"}}],\"inLanguage\":\"es\"},{\"@type\":\"Organization\",\"@id\":\"https:\/\/pavicer.pt\/es\/#organization\",\"name\":\"Pavicer | Blocozezere\",\"url\":\"https:\/\/pavicer.pt\/es\/\",\"logo\":{\"@type\":\"ImageObject\",\"inLanguage\":\"es\",\"@id\":\"https:\/\/pavicer.pt\/es\/#\/schema\/logo\/image\/\",\"url\":\"https:\/\/pavicer.pt\/wp-content\/uploads\/2022\/02\/logo-pavicer_cor.png\",\"contentUrl\":\"https:\/\/pavicer.pt\/wp-content\/uploads\/2022\/02\/logo-pavicer_cor.png\",\"width\":240,\"height\":50,\"caption\":\"Pavicer | Blocozezere\"},\"image\":{\"@id\":\"https:\/\/pavicer.pt\/es\/#\/schema\/logo\/image\/\"},\"sameAs\":[\"https:\/\/www.facebook.com\/pavicerblocozezerept\"]}]}<\/script>\n<!-- \/ Yoast SEO plugin. -->","yoast_head_json":{"title":"Conductos - Pavicer | Blocozezere","robots":{"index":"index","follow":"follow","max-snippet":"max-snippet:-1","max-image-preview":"max-image-preview:large","max-video-preview":"max-video-preview:-1"},"canonical":"https:\/\/pavicer.pt\/es\/produto\/conductos\/","og_locale":"es_ES","og_type":"article","og_title":"Conductos - Pavicer | Blocozezere","og_description":"Los conductos se distinguen de la soluci\u00f3n por la resistencia al fuego y la ligereza del hormig\u00f3n, sin que por ello se pierda la resistencia necesaria para ello. Est\u00e1n destinados a los conductos de ventilaci\u00f3n y a los gases. Sus caracter\u00edsticas t\u00e9rmicas proporcionan mejores propiedades de evacuaci\u00f3n de gases, ya que retienen el calor durante m\u00e1s tiempo, lo que favorece su ascenso.","og_url":"https:\/\/pavicer.pt\/es\/produto\/conductos\/","og_site_name":"Pavicer | Blocozezere","article_publisher":"https:\/\/www.facebook.com\/pavicerblocozezerept","og_image":[{"width":1920,"height":1080,"url":"https:\/\/pavicer.pt\/wp-content\/uploads\/2022\/02\/home-banner_pavicer.jpg","type":"image\/jpeg"}],"twitter_card":"summary_large_image","schema":{"@context":"https:\/\/schema.org","@graph":[{"@type":"WebPage","@id":"https:\/\/pavicer.pt\/es\/produto\/conductos\/","url":"https:\/\/pavicer.pt\/es\/produto\/conductos\/","name":"Conductos - Pavicer | Blocozezere","isPartOf":{"@id":"https:\/\/pavicer.pt\/es\/#website"},"primaryImageOfPage":{"@id":"https:\/\/pavicer.pt\/es\/produto\/conductos\/#primaryimage"},"image":{"@id":"https:\/\/pavicer.pt\/es\/produto\/conductos\/#primaryimage"},"thumbnailUrl":"https:\/\/pavicer.pt\/wp-content\/uploads\/2022\/07\/Conduta-01.png","datePublished":"2022-09-27T08:23:24+00:00","breadcrumb":{"@id":"https:\/\/pavicer.pt\/es\/produto\/conductos\/#breadcrumb"},"inLanguage":"es","potentialAction":[{"@type":"ReadAction","target":["https:\/\/pavicer.pt\/es\/produto\/conductos\/"]}]},{"@type":"ImageObject","inLanguage":"es","@id":"https:\/\/pavicer.pt\/es\/produto\/conductos\/#primaryimage","url":"https:\/\/pavicer.pt\/wp-content\/uploads\/2022\/07\/Conduta-01.png","contentUrl":"https:\/\/pavicer.pt\/wp-content\/uploads\/2022\/07\/Conduta-01.png","width":800,"height":600},{"@type":"BreadcrumbList","@id":"https:\/\/pavicer.pt\/es\/produto\/conductos\/#breadcrumb","itemListElement":[{"@type":"ListItem","position":1,"name":"In\u00edcio","item":"https:\/\/pavicer.pt\/es\/"},{"@type":"ListItem","position":2,"name":"Productos","item":"https:\/\/pavicer.pt\/es\/tienda\/"},{"@type":"ListItem","position":3,"name":"Conductos"}]},{"@type":"WebSite","@id":"https:\/\/pavicer.pt\/es\/#website","url":"https:\/\/pavicer.pt\/es\/","name":"Pavicer | Blocozezere","description":"Produtos em bet&atilde;o","publisher":{"@id":"https:\/\/pavicer.pt\/es\/#organization"},"potentialAction":[{"@type":"SearchAction","target":{"@type":"EntryPoint","urlTemplate":"https:\/\/pavicer.pt\/es\/?s={search_term_string}"},"query-input":{"@type":"PropertyValueSpecification","valueRequired":true,"valueName":"search_term_string"}}],"inLanguage":"es"},{"@type":"Organization","@id":"https:\/\/pavicer.pt\/es\/#organization","name":"Pavicer | Blocozezere","url":"https:\/\/pavicer.pt\/es\/","logo":{"@type":"ImageObject","inLanguage":"es","@id":"https:\/\/pavicer.pt\/es\/#\/schema\/logo\/image\/","url":"https:\/\/pavicer.pt\/wp-content\/uploads\/2022\/02\/logo-pavicer_cor.png","contentUrl":"https:\/\/pavicer.pt\/wp-content\/uploads\/2022\/02\/logo-pavicer_cor.png","width":240,"height":50,"caption":"Pavicer | Blocozezere"},"image":{"@id":"https:\/\/pavicer.pt\/es\/#\/schema\/logo\/image\/"},"sameAs":["https:\/\/www.facebook.com\/pavicerblocozezerept"]}]}},"_links":{"self":[{"href":"https:\/\/pavicer.pt\/es\/wp-json\/wp\/v2\/product\/2333","targetHints":{"allow":["GET"]}}],"collection":[{"href":"https:\/\/pavicer.pt\/es\/wp-json\/wp\/v2\/product"}],"about":[{"href":"https:\/\/pavicer.pt\/es\/wp-json\/wp\/v2\/types\/product"}],"version-history":[{"count":0,"href":"https:\/\/pavicer.pt\/es\/wp-json\/wp\/v2\/product\/2333\/revisions"}],"wp:featuredmedia":[{"embeddable":true,"href":"https:\/\/pavicer.pt\/es\/wp-json\/wp\/v2\/media\/1694"}],"wp:attachment":[{"href":"https:\/\/pavicer.pt\/es\/wp-json\/wp\/v2\/media?parent=2333"}],"wp:term":[{"taxonomy":"product_brand","embeddable":true,"href":"https:\/\/pavicer.pt\/es\/wp-json\/wp\/v2\/product_brand?post=2333"},{"taxonomy":"product_cat","embeddable":true,"href":"https:\/\/pavicer.pt\/es\/wp-json\/wp\/v2\/product_cat?post=2333"},{"taxonomy":"product_tag","embeddable":true,"href":"https:\/\/pavicer.pt\/es\/wp-json\/wp\/v2\/product_tag?post=2333"}],"curies":[{"name":"wp","href":"https:\/\/api.w.org\/{rel}","templated":true}]}}