{"id":2349,"date":"2022-05-02T15:17:09","date_gmt":"2022-09-27T08:44:14","guid":{"rendered":"https:\/\/pavicer.pt\/produto\/bloque-termico-ce-en-771-3-cat-ii\/"},"modified":"2022-09-27T08:44:14","modified_gmt":"2022-09-27T08:44:14","slug":"bloco-termico-ce-en-771-3-cat-ii-2","status":"publish","type":"product","link":"https:\/\/pavicer.pt\/es\/produto\/bloco-termico-ce-en-771-3-cat-ii-2\/","title":{"rendered":"Bloque T\u00e9rmico CE EN 771-3 CAT (II)"},"content":{"rendered":"","protected":false},"excerpt":{"rendered":"<p>El Bloque T\u00e9rmico\u00ae es un bloque de hormig\u00f3n ligero fabricado con \u00e1ridos ligeros de arcilla expandida, dise\u00f1ado especialmente para la creaci\u00f3n de muros exteriores sencillos o de revestimiento de zonas no calefactadas, en edificios residenciales, de oficinas o comerciales.<\/p>\n<p><strong>Ventajas:<\/strong><\/p>\n<ul>\n<li>Estabilidad mec\u00e1nica;<\/li>\n<li>Durabilidad;<\/li>\n<li>Seguridad contra incendios;<\/li>\n<li>Adaptaci\u00f3n al uso;<\/li>\n<li>Estanqueidad a la lluvia;<\/li>\n<li>Facilidad de aplicaci\u00f3n;<\/li>\n<li>Confort ac\u00fastico;<\/li>\n<li>Econom\u00eda;<\/li>\n<li>Ajuste universal.<\/li>\n<\/ul>\n[table id=\"8\" \/]\n","protected":false},"featured_media":1080,"template":"","meta":{"_acf_changed":false},"product_brand":[],"product_cat":[131,139],"product_tag":[],"class_list":{"0":"post-2349","1":"product","2":"type-product","3":"status-publish","4":"has-post-thumbnail","6":"product_cat-mamposteria","7":"product_cat-termico","9":"first","10":"instock","11":"shipping-taxable","12":"product-type-simple"},"acf":[],"yoast_head":"<!-- This site is optimized with the Yoast SEO plugin v27.2 - https:\/\/yoast.com\/product\/yoast-seo-wordpress\/ -->\n<title>Bloque T\u00e9rmico CE EN 771-3 CAT (II) - Pavicer | Blocozezere<\/title>\n<meta name=\"robots\" content=\"index, follow, max-snippet:-1, max-image-preview:large, max-video-preview:-1\" \/>\n<link rel=\"canonical\" href=\"https:\/\/pavicer.pt\/es\/produto\/bloco-termico-ce-en-771-3-cat-ii-2\/\" \/>\n<meta property=\"og:locale\" content=\"es_ES\" \/>\n<meta property=\"og:type\" content=\"article\" \/>\n<meta property=\"og:title\" content=\"Bloque T\u00e9rmico CE EN 771-3 CAT (II) - Pavicer | Blocozezere\" \/>\n<meta property=\"og:description\" content=\"El Bloque T\u00e9rmico\u00ae es un bloque de hormig\u00f3n ligero fabricado con \u00e1ridos ligeros de arcilla expandida, dise\u00f1ado especialmente para la creaci\u00f3n de muros exteriores sencillos o de revestimiento de zonas no calefactadas, en edificios residenciales, de oficinas o comerciales.Ventajas:Estabilidad mec\u00e1nica;Durabilidad;Seguridad contra incendios;Adaptaci\u00f3n al uso;Estanqueidad a la lluvia;Facilidad de aplicaci\u00f3n;Confort ac\u00fastico;Econom\u00eda;Ajuste universal.\" \/>\n<meta property=\"og:url\" content=\"https:\/\/pavicer.pt\/es\/produto\/bloco-termico-ce-en-771-3-cat-ii-2\/\" \/>\n<meta property=\"og:site_name\" content=\"Pavicer | Blocozezere\" \/>\n<meta property=\"article:publisher\" content=\"https:\/\/www.facebook.com\/pavicerblocozezerept\" \/>\n<meta property=\"og:image\" content=\"https:\/\/pavicer.pt\/wp-content\/uploads\/2022\/02\/home-banner_pavicer.jpg\" \/>\n\t<meta property=\"og:image:width\" content=\"1920\" \/>\n\t<meta property=\"og:image:height\" content=\"1080\" \/>\n\t<meta property=\"og:image:type\" content=\"image\/jpeg\" \/>\n<meta name=\"twitter:card\" content=\"summary_large_image\" \/>\n<script type=\"application\/ld+json\" class=\"yoast-schema-graph\">{\"@context\":\"https:\/\/schema.org\",\"@graph\":[{\"@type\":\"WebPage\",\"@id\":\"https:\/\/pavicer.pt\/es\/produto\/bloco-termico-ce-en-771-3-cat-ii-2\/\",\"url\":\"https:\/\/pavicer.pt\/es\/produto\/bloco-termico-ce-en-771-3-cat-ii-2\/\",\"name\":\"Bloque T\u00e9rmico CE EN 771-3 CAT (II) - Pavicer | Blocozezere\",\"isPartOf\":{\"@id\":\"https:\/\/pavicer.pt\/es\/#website\"},\"primaryImageOfPage\":{\"@id\":\"https:\/\/pavicer.pt\/es\/produto\/bloco-termico-ce-en-771-3-cat-ii-2\/#primaryimage\"},\"image\":{\"@id\":\"https:\/\/pavicer.pt\/es\/produto\/bloco-termico-ce-en-771-3-cat-ii-2\/#primaryimage\"},\"thumbnailUrl\":\"https:\/\/pavicer.pt\/wp-content\/uploads\/2022\/03\/Bloco-Termico.png\",\"datePublished\":\"2022-09-27T08:44:14+00:00\",\"breadcrumb\":{\"@id\":\"https:\/\/pavicer.pt\/es\/produto\/bloco-termico-ce-en-771-3-cat-ii-2\/#breadcrumb\"},\"inLanguage\":\"es\",\"potentialAction\":[{\"@type\":\"ReadAction\",\"target\":[\"https:\/\/pavicer.pt\/es\/produto\/bloco-termico-ce-en-771-3-cat-ii-2\/\"]}]},{\"@type\":\"ImageObject\",\"inLanguage\":\"es\",\"@id\":\"https:\/\/pavicer.pt\/es\/produto\/bloco-termico-ce-en-771-3-cat-ii-2\/#primaryimage\",\"url\":\"https:\/\/pavicer.pt\/wp-content\/uploads\/2022\/03\/Bloco-Termico.png\",\"contentUrl\":\"https:\/\/pavicer.pt\/wp-content\/uploads\/2022\/03\/Bloco-Termico.png\",\"width\":1500,\"height\":1500},{\"@type\":\"BreadcrumbList\",\"@id\":\"https:\/\/pavicer.pt\/es\/produto\/bloco-termico-ce-en-771-3-cat-ii-2\/#breadcrumb\",\"itemListElement\":[{\"@type\":\"ListItem\",\"position\":1,\"name\":\"In\u00edcio\",\"item\":\"https:\/\/pavicer.pt\/es\/\"},{\"@type\":\"ListItem\",\"position\":2,\"name\":\"Productos\",\"item\":\"https:\/\/pavicer.pt\/es\/tienda\/\"},{\"@type\":\"ListItem\",\"position\":3,\"name\":\"Bloque T\u00e9rmico CE EN 771-3 CAT (II)\"}]},{\"@type\":\"WebSite\",\"@id\":\"https:\/\/pavicer.pt\/es\/#website\",\"url\":\"https:\/\/pavicer.pt\/es\/\",\"name\":\"Pavicer | Blocozezere\",\"description\":\"Produtos em bet&atilde;o\",\"publisher\":{\"@id\":\"https:\/\/pavicer.pt\/es\/#organization\"},\"potentialAction\":[{\"@type\":\"SearchAction\",\"target\":{\"@type\":\"EntryPoint\",\"urlTemplate\":\"https:\/\/pavicer.pt\/es\/?s={search_term_string}\"},\"query-input\":{\"@type\":\"PropertyValueSpecification\",\"valueRequired\":true,\"valueName\":\"search_term_string\"}}],\"inLanguage\":\"es\"},{\"@type\":\"Organization\",\"@id\":\"https:\/\/pavicer.pt\/es\/#organization\",\"name\":\"Pavicer | Blocozezere\",\"url\":\"https:\/\/pavicer.pt\/es\/\",\"logo\":{\"@type\":\"ImageObject\",\"inLanguage\":\"es\",\"@id\":\"https:\/\/pavicer.pt\/es\/#\/schema\/logo\/image\/\",\"url\":\"https:\/\/pavicer.pt\/wp-content\/uploads\/2022\/02\/logo-pavicer_cor.png\",\"contentUrl\":\"https:\/\/pavicer.pt\/wp-content\/uploads\/2022\/02\/logo-pavicer_cor.png\",\"width\":240,\"height\":50,\"caption\":\"Pavicer | Blocozezere\"},\"image\":{\"@id\":\"https:\/\/pavicer.pt\/es\/#\/schema\/logo\/image\/\"},\"sameAs\":[\"https:\/\/www.facebook.com\/pavicerblocozezerept\"]}]}<\/script>\n<!-- \/ Yoast SEO plugin. -->","yoast_head_json":{"title":"Bloque T\u00e9rmico CE EN 771-3 CAT (II) - Pavicer | Blocozezere","robots":{"index":"index","follow":"follow","max-snippet":"max-snippet:-1","max-image-preview":"max-image-preview:large","max-video-preview":"max-video-preview:-1"},"canonical":"https:\/\/pavicer.pt\/es\/produto\/bloco-termico-ce-en-771-3-cat-ii-2\/","og_locale":"es_ES","og_type":"article","og_title":"Bloque T\u00e9rmico CE EN 771-3 CAT (II) - Pavicer | Blocozezere","og_description":"El Bloque T\u00e9rmico\u00ae es un bloque de hormig\u00f3n ligero fabricado con \u00e1ridos ligeros de arcilla expandida, dise\u00f1ado especialmente para la creaci\u00f3n de muros exteriores sencillos o de revestimiento de zonas no calefactadas, en edificios residenciales, de oficinas o comerciales.Ventajas:Estabilidad mec\u00e1nica;Durabilidad;Seguridad contra incendios;Adaptaci\u00f3n al uso;Estanqueidad a la lluvia;Facilidad de aplicaci\u00f3n;Confort ac\u00fastico;Econom\u00eda;Ajuste universal.","og_url":"https:\/\/pavicer.pt\/es\/produto\/bloco-termico-ce-en-771-3-cat-ii-2\/","og_site_name":"Pavicer | Blocozezere","article_publisher":"https:\/\/www.facebook.com\/pavicerblocozezerept","og_image":[{"width":1920,"height":1080,"url":"https:\/\/pavicer.pt\/wp-content\/uploads\/2022\/02\/home-banner_pavicer.jpg","type":"image\/jpeg"}],"twitter_card":"summary_large_image","schema":{"@context":"https:\/\/schema.org","@graph":[{"@type":"WebPage","@id":"https:\/\/pavicer.pt\/es\/produto\/bloco-termico-ce-en-771-3-cat-ii-2\/","url":"https:\/\/pavicer.pt\/es\/produto\/bloco-termico-ce-en-771-3-cat-ii-2\/","name":"Bloque T\u00e9rmico CE EN 771-3 CAT (II) - Pavicer | Blocozezere","isPartOf":{"@id":"https:\/\/pavicer.pt\/es\/#website"},"primaryImageOfPage":{"@id":"https:\/\/pavicer.pt\/es\/produto\/bloco-termico-ce-en-771-3-cat-ii-2\/#primaryimage"},"image":{"@id":"https:\/\/pavicer.pt\/es\/produto\/bloco-termico-ce-en-771-3-cat-ii-2\/#primaryimage"},"thumbnailUrl":"https:\/\/pavicer.pt\/wp-content\/uploads\/2022\/03\/Bloco-Termico.png","datePublished":"2022-09-27T08:44:14+00:00","breadcrumb":{"@id":"https:\/\/pavicer.pt\/es\/produto\/bloco-termico-ce-en-771-3-cat-ii-2\/#breadcrumb"},"inLanguage":"es","potentialAction":[{"@type":"ReadAction","target":["https:\/\/pavicer.pt\/es\/produto\/bloco-termico-ce-en-771-3-cat-ii-2\/"]}]},{"@type":"ImageObject","inLanguage":"es","@id":"https:\/\/pavicer.pt\/es\/produto\/bloco-termico-ce-en-771-3-cat-ii-2\/#primaryimage","url":"https:\/\/pavicer.pt\/wp-content\/uploads\/2022\/03\/Bloco-Termico.png","contentUrl":"https:\/\/pavicer.pt\/wp-content\/uploads\/2022\/03\/Bloco-Termico.png","width":1500,"height":1500},{"@type":"BreadcrumbList","@id":"https:\/\/pavicer.pt\/es\/produto\/bloco-termico-ce-en-771-3-cat-ii-2\/#breadcrumb","itemListElement":[{"@type":"ListItem","position":1,"name":"In\u00edcio","item":"https:\/\/pavicer.pt\/es\/"},{"@type":"ListItem","position":2,"name":"Productos","item":"https:\/\/pavicer.pt\/es\/tienda\/"},{"@type":"ListItem","position":3,"name":"Bloque T\u00e9rmico CE EN 771-3 CAT (II)"}]},{"@type":"WebSite","@id":"https:\/\/pavicer.pt\/es\/#website","url":"https:\/\/pavicer.pt\/es\/","name":"Pavicer | Blocozezere","description":"Produtos em bet&atilde;o","publisher":{"@id":"https:\/\/pavicer.pt\/es\/#organization"},"potentialAction":[{"@type":"SearchAction","target":{"@type":"EntryPoint","urlTemplate":"https:\/\/pavicer.pt\/es\/?s={search_term_string}"},"query-input":{"@type":"PropertyValueSpecification","valueRequired":true,"valueName":"search_term_string"}}],"inLanguage":"es"},{"@type":"Organization","@id":"https:\/\/pavicer.pt\/es\/#organization","name":"Pavicer | Blocozezere","url":"https:\/\/pavicer.pt\/es\/","logo":{"@type":"ImageObject","inLanguage":"es","@id":"https:\/\/pavicer.pt\/es\/#\/schema\/logo\/image\/","url":"https:\/\/pavicer.pt\/wp-content\/uploads\/2022\/02\/logo-pavicer_cor.png","contentUrl":"https:\/\/pavicer.pt\/wp-content\/uploads\/2022\/02\/logo-pavicer_cor.png","width":240,"height":50,"caption":"Pavicer | Blocozezere"},"image":{"@id":"https:\/\/pavicer.pt\/es\/#\/schema\/logo\/image\/"},"sameAs":["https:\/\/www.facebook.com\/pavicerblocozezerept"]}]}},"_links":{"self":[{"href":"https:\/\/pavicer.pt\/es\/wp-json\/wp\/v2\/product\/2349","targetHints":{"allow":["GET"]}}],"collection":[{"href":"https:\/\/pavicer.pt\/es\/wp-json\/wp\/v2\/product"}],"about":[{"href":"https:\/\/pavicer.pt\/es\/wp-json\/wp\/v2\/types\/product"}],"version-history":[{"count":0,"href":"https:\/\/pavicer.pt\/es\/wp-json\/wp\/v2\/product\/2349\/revisions"}],"wp:featuredmedia":[{"embeddable":true,"href":"https:\/\/pavicer.pt\/es\/wp-json\/wp\/v2\/media\/1080"}],"wp:attachment":[{"href":"https:\/\/pavicer.pt\/es\/wp-json\/wp\/v2\/media?parent=2349"}],"wp:term":[{"taxonomy":"product_brand","embeddable":true,"href":"https:\/\/pavicer.pt\/es\/wp-json\/wp\/v2\/product_brand?post=2349"},{"taxonomy":"product_cat","embeddable":true,"href":"https:\/\/pavicer.pt\/es\/wp-json\/wp\/v2\/product_cat?post=2349"},{"taxonomy":"product_tag","embeddable":true,"href":"https:\/\/pavicer.pt\/es\/wp-json\/wp\/v2\/product_tag?post=2349"}],"curies":[{"name":"wp","href":"https:\/\/api.w.org\/{rel}","templated":true}]}}